{"id":188,"date":"2025-03-06T00:38:00","date_gmt":"2025-03-06T00:38:00","guid":{"rendered":"https:\/\/thelaborbridge.com\/?page_id=188"},"modified":"2025-09-03T21:32:42","modified_gmt":"2025-09-03T21:32:42","slug":"sistema-isgcas","status":"publish","type":"page","link":"https:\/\/thelaborbridge.com\/?page_id=188","title":{"rendered":"Soluciones Tecnol\u00f3gicas"},"content":{"rendered":"\t\t<div data-elementor-type=\"wp-page\" data-elementor-id=\"188\" class=\"elementor elementor-188\">\n\t\t\t\t<div class=\"elementor-element elementor-element-3ed0533 e-flex e-con-boxed e-con e-parent\" data-id=\"3ed0533\" data-element_type=\"container\">\n\t\t\t\t\t<div class=\"e-con-inner\">\n\t\t\t\t<div class=\"elementor-element elementor-element-04f867e elementor-widget__width-initial elementor-widget elementor-widget-heading\" data-id=\"04f867e\" data-element_type=\"widget\" data-widget_type=\"heading.default\">\n\t\t\t\t<div class=\"elementor-widget-container\">\n\t\t\t\t\t<h2 class=\"elementor-heading-title elementor-size-default\">nuestras soluciones Tecnol\u00f3gicas<\/h2>\t\t\t\t<\/div>\n\t\t\t\t<\/div>\n\t\t\t\t<div class=\"elementor-element elementor-element-3e59831 elementor-widget__width-initial elementor-widget elementor-widget-heading\" data-id=\"3e59831\" data-element_type=\"widget\" data-widget_type=\"heading.default\">\n\t\t\t\t<div class=\"elementor-widget-container\">\n\t\t\t\t\t<h2 class=\"elementor-heading-title elementor-size-default\">En <b>The Labor Bridge Consulting<\/b> integramos la experiencia en Relaciones Laborales con soluciones tecnol\u00f3gicas de \u00faltima generaci\u00f3n, dise\u00f1adas para gestionar y controlar de manera m\u00e1s efectiva cada proceso.\nNuestras plataformas permiten anticipar escenarios, reducir riesgos y entregar informaci\u00f3n confiable para la toma de decisiones estrat\u00e9gicas, impulsando relaciones laborales m\u00e1s s\u00f3lidas, transparentes y sostenibles. <\/h2>\t\t\t\t<\/div>\n\t\t\t\t<\/div>\n\t\t\t\t\t<\/div>\n\t\t\t\t<\/div>\n\t\t<div class=\"elementor-element elementor-element-bfc3f75 e-con-full e-flex e-con e-parent\" data-id=\"bfc3f75\" data-element_type=\"container\">\n\t\t\t\t<div class=\"elementor-element elementor-element-f23a608 elementor-widget elementor-widget-image\" data-id=\"f23a608\" data-element_type=\"widget\" data-widget_type=\"image.default\">\n\t\t\t\t<div class=\"elementor-widget-container\">\n\t\t\t\t\t\t\t\t\t\t\t\t\t\t\t<img fetchpriority=\"high\" decoding=\"async\" width=\"768\" height=\"431\" src=\"https:\/\/thelaborbridge.com\/wp-content\/uploads\/2025\/08\/Plataforma-RR.LL_-768x431.jpg\" class=\"attachment-medium_large size-medium_large wp-image-508\" alt=\"\" srcset=\"https:\/\/thelaborbridge.com\/wp-content\/uploads\/2025\/08\/Plataforma-RR.LL_-768x431.jpg 768w, https:\/\/thelaborbridge.com\/wp-content\/uploads\/2025\/08\/Plataforma-RR.LL_-300x168.jpg 300w, https:\/\/thelaborbridge.com\/wp-content\/uploads\/2025\/08\/Plataforma-RR.LL_-1024x574.jpg 1024w, https:\/\/thelaborbridge.com\/wp-content\/uploads\/2025\/08\/Plataforma-RR.LL_-1536x861.jpg 1536w, https:\/\/thelaborbridge.com\/wp-content\/uploads\/2025\/08\/Plataforma-RR.LL_-2048x1149.jpg 2048w\" sizes=\"(max-width: 768px) 100vw, 768px\" \/>\t\t\t\t\t\t\t\t\t\t\t\t\t\t\t<\/div>\n\t\t\t\t<\/div>\n\t\t\t\t<\/div>\n\t\t<div class=\"elementor-element elementor-element-85be38e e-con-full e-flex e-con e-parent\" data-id=\"85be38e\" data-element_type=\"container\">\n\t\t<div class=\"elementor-element elementor-element-e39414b e-con-full e-flex e-con e-child\" data-id=\"e39414b\" data-element_type=\"container\">\n\t\t\t\t<div class=\"elementor-element elementor-element-23d5f4a elementor-widget__width-initial elementor-widget elementor-widget-heading\" data-id=\"23d5f4a\" data-element_type=\"widget\" data-widget_type=\"heading.default\">\n\t\t\t\t<div class=\"elementor-widget-container\">\n\t\t\t\t\t<h2 class=\"elementor-heading-title elementor-size-default\">PLATAFORMA TECNOL\u00d3GICA DE GESTI\u00d3N Y CONTROL DE RELACIONES LABORALES <\/h2>\t\t\t\t<\/div>\n\t\t\t\t<\/div>\n\t\t\t\t<div class=\"elementor-element elementor-element-3f10d9e elementor-widget__width-initial elementor-widget elementor-widget-heading\" data-id=\"3f10d9e\" data-element_type=\"widget\" data-widget_type=\"heading.default\">\n\t\t\t\t<div class=\"elementor-widget-container\">\n\t\t\t\t\t<h2 class=\"elementor-heading-title elementor-size-default\">Nuestra plataforma te ofrece una soluci\u00f3n integral sistem\u00e1tica para gestionar y optimizar los procesos de Relaciones Laborales Sindicales, administrar informaci\u00f3n de sindicatos, dirigentes sindicales, negociaciones colectivas (No Regladas y Regladas), huelgas, instrumentos colectivos, matriz de beneficios, agenda laboral (reuniones), perfiles generacionales y asegurar el cumplimiento normativo legal laboral.\n<br><br>\nUtilizar la inteligencia laboral con foco en una gesti\u00f3n <b>m\u00e1s \u00e1gil, predictiva, con alertas tempranas e informaci\u00f3n confiable para la toma de decisiones y minimizar riesgos laborales.<\/b>\n<\/h2>\t\t\t\t<\/div>\n\t\t\t\t<\/div>\n\t\t\t\t<div class=\"elementor-element elementor-element-d98bb92 elementor-widget__width-initial elementor-widget elementor-widget-heading\" data-id=\"d98bb92\" data-element_type=\"widget\" data-widget_type=\"heading.default\">\n\t\t\t\t<div class=\"elementor-widget-container\">\n\t\t\t\t\t<h2 class=\"elementor-heading-title elementor-size-default\">1.- Apalancar <b>productividad<\/b> con una plataforma sistematizada, que hacer el <b>trabajo m\u00e1s efectivo<\/b>, <b>ahorrando tiempo<\/b> y con <b>disponibilidad de data inmediata.<\/b> Centrando a los equipos de nuestros clientes en la gesti\u00f3n de alto impacto de su core.<br>2.- Contar con una <b>agenda laboral - sindical<\/b> con foco a la <b>creaci\u00f3n de valor<\/b> para el negocio y relacionamiento laboral permanente.<br>3.- Anticipaci\u00f3n de hitos claves, vencimientos y riesgos mediante inteligencia laboral, a trav\u00e9s de <b>alertas tempranas.<\/b><br>4.- La plataforma \u00fanica de gesti\u00f3n laboral sindical permanece en el tiempo, <b>robusteciendo los procesos<\/b> independiente de las personas que ocupen los cargos en el \u00e1rea de Relaciones Laborales.<br>5.- Mitigaci\u00f3n de contingencias laborales sindicales y gesti\u00f3n preventiva de compromisos colectivos. Evita <b>costos adicionales o multas<\/b> por incumplimientos o errores operativos.<\/h2>\t\t\t\t<\/div>\n\t\t\t\t<\/div>\n\t\t\t\t<\/div>\n\t\t\t\t<\/div>\n\t\t<div class=\"elementor-element elementor-element-f05d5a2 e-flex e-con-boxed e-con e-parent\" data-id=\"f05d5a2\" data-element_type=\"container\">\n\t\t\t\t\t<div class=\"e-con-inner\">\n\t\t\t\t<div class=\"elementor-element elementor-element-2eeb234 elementor-widget elementor-widget-image\" data-id=\"2eeb234\" data-element_type=\"widget\" data-widget_type=\"image.default\">\n\t\t\t\t<div class=\"elementor-widget-container\">\n\t\t\t\t\t\t\t\t\t\t\t\t\t\t\t<img decoding=\"async\" width=\"768\" height=\"555\" src=\"https:\/\/thelaborbridge.com\/wp-content\/uploads\/2025\/03\/Modulo_Negociacion-768x555.jpg\" class=\"attachment-medium_large size-medium_large wp-image-408\" alt=\"\" srcset=\"https:\/\/thelaborbridge.com\/wp-content\/uploads\/2025\/03\/Modulo_Negociacion-768x555.jpg 768w, https:\/\/thelaborbridge.com\/wp-content\/uploads\/2025\/03\/Modulo_Negociacion-300x217.jpg 300w, https:\/\/thelaborbridge.com\/wp-content\/uploads\/2025\/03\/Modulo_Negociacion-1024x740.jpg 1024w, https:\/\/thelaborbridge.com\/wp-content\/uploads\/2025\/03\/Modulo_Negociacion.jpg 1379w\" sizes=\"(max-width: 768px) 100vw, 768px\" \/>\t\t\t\t\t\t\t\t\t\t\t\t\t\t\t<\/div>\n\t\t\t\t<\/div>\n\t\t\t\t\t<\/div>\n\t\t\t\t<\/div>\n\t\t<div class=\"elementor-element elementor-element-5ce69ce e-flex e-con-boxed e-con e-parent\" data-id=\"5ce69ce\" data-element_type=\"container\">\n\t\t\t\t\t<div class=\"e-con-inner\">\n\t\t<div class=\"elementor-element elementor-element-272bc80 e-con-full e-flex e-con e-child\" data-id=\"272bc80\" data-element_type=\"container\">\n\t\t\t\t<div class=\"elementor-element elementor-element-d6a5abf elementor-widget__width-initial elementor-widget elementor-widget-heading\" data-id=\"d6a5abf\" data-element_type=\"widget\" data-widget_type=\"heading.default\">\n\t\t\t\t<div class=\"elementor-widget-container\">\n\t\t\t\t\t<h2 class=\"elementor-heading-title elementor-size-default\">PLATAFORMA DE NEGOCIACI\u00d3N COLECTIVA (BIT\u00c1CORA PASO A PASO)<\/h2>\t\t\t\t<\/div>\n\t\t\t\t<\/div>\n\t\t\t\t<div class=\"elementor-element elementor-element-17da3d9 elementor-widget__width-initial elementor-widget elementor-widget-heading\" data-id=\"17da3d9\" data-element_type=\"widget\" data-widget_type=\"heading.default\">\n\t\t\t\t<div class=\"elementor-widget-container\">\n\t\t\t\t\t<h2 class=\"elementor-heading-title elementor-size-default\">Disponemos de un modelo esquematizado, estandarizado, integrado y sistematizado, para gestionar y administrar los procesos de negociaci\u00f3n colectiva, asegurando el cumplimiento normativo legal y toma de control. \nNuestra plataforma se apalanca en tecnolog\u00eda de  <b>Inteligencia Artificial<\/b> y en la  <b>metodolog\u00eda de pensamiento cr\u00edtico CRITIC-AI\u2122<\/b>, lo que permite utilizar un enfoque emp\u00edrico, aplicado a entornos laborales de alta complejidad, con foco en una gesti\u00f3n estructurada, predictiva y \u00e1gil, respaldada en informaci\u00f3n confiable para la toma de decisiones., levantamiento de alertas tempranas, minimizando riesgos laborales en cada etapa del proceso de negociaci\u00f3n colectiva.\n<\/h2>\t\t\t\t<\/div>\n\t\t\t\t<\/div>\n\t\t\t\t<\/div>\n\t\t\t\t\t<\/div>\n\t\t\t\t<\/div>\n\t\t<div class=\"elementor-element elementor-element-6484672 e-flex e-con-boxed e-con e-parent\" data-id=\"6484672\" data-element_type=\"container\">\n\t\t\t\t\t<div class=\"e-con-inner\">\n\t\t<div class=\"elementor-element elementor-element-2166540 e-con-full e-flex e-con e-child\" data-id=\"2166540\" data-element_type=\"container\">\n\t\t\t\t<div class=\"elementor-element elementor-element-b2896fe elementor-position-left elementor-widget__width-inherit elementor-position-top elementor-widget-mobile__width-initial elementor-vertical-align-top elementor-widget elementor-widget-image-box\" data-id=\"b2896fe\" data-element_type=\"widget\" data-widget_type=\"image-box.default\">\n\t\t\t\t<div class=\"elementor-widget-container\">\n\t\t\t\t\t<div class=\"elementor-image-box-wrapper\"><figure class=\"elementor-image-box-img\"><img decoding=\"async\" width=\"124\" height=\"124\" src=\"https:\/\/thelaborbridge.com\/wp-content\/uploads\/2025\/03\/gestion.png\" class=\"attachment-full size-full wp-image-191\" alt=\"\" \/><\/figure><div class=\"elementor-image-box-content\"><h3 class=\"elementor-image-box-title\">NEGOCIACI\u00d3N COLECTIVA<\/h3><p class=\"elementor-image-box-description\">Permite estructurar, registrar, controlar y gestionar el plan de negociaciones colectivas planificadas, programadas y ejecutadas en funci\u00f3n de la mitigaci\u00f3n de riesgos y toma de control por parte de la Empresa. Generando pr\u00e1cticas recurrentes, impactando positivamente la continuidad operacional y productividad, con foco en mantener el control y mitigar riesgos en el ecosistema Laboral, con informaci\u00f3n centralizada, integrada y detallada sobre la negociaci\u00f3n colectiva, asegurando un control eficiente de las relaciones laborales y cumplimiento legal.\n\n\n<\/p><\/div><\/div>\t\t\t\t<\/div>\n\t\t\t\t<\/div>\n\t\t\t\t<\/div>\n\t\t<div class=\"elementor-element elementor-element-11dc450 e-con-full e-flex e-con e-child\" data-id=\"11dc450\" data-element_type=\"container\">\n\t\t\t\t<div class=\"elementor-element elementor-element-5bc9abf elementor-position-left elementor-widget__width-inherit elementor-position-top elementor-widget-mobile__width-initial elementor-vertical-align-top elementor-widget elementor-widget-image-box\" data-id=\"5bc9abf\" data-element_type=\"widget\" data-widget_type=\"image-box.default\">\n\t\t\t\t<div class=\"elementor-widget-container\">\n\t\t\t\t\t<div class=\"elementor-image-box-wrapper\"><figure class=\"elementor-image-box-img\"><img loading=\"lazy\" decoding=\"async\" width=\"100\" height=\"100\" src=\"https:\/\/thelaborbridge.com\/wp-content\/uploads\/2025\/03\/relacionamiento.png\" class=\"attachment-full size-full wp-image-192\" alt=\"\" \/><\/figure><div class=\"elementor-image-box-content\"><h3 class=\"elementor-image-box-title\">ESTANDARIZACI\u00d3N NEGOCIACI\u00d3N COLECTIVA<\/h3><p class=\"elementor-image-box-description\">Facilita la Implementaci\u00f3n de los procesos de negociaci\u00f3n colectiva minimizando los errores. Generando pr\u00e1cticas recurrentes de trabajo (paso a paso), estandarizaci\u00f3n en funci\u00f3n de la normativa laboral en el sistema. Mantener el control y mitigar riesgos en el \u00e1mbito laboral - sindical. \n<\/p><\/div><\/div>\t\t\t\t<\/div>\n\t\t\t\t<\/div>\n\t\t\t\t<\/div>\n\t\t<div class=\"elementor-element elementor-element-e96ce34 e-con-full e-flex e-con e-child\" data-id=\"e96ce34\" data-element_type=\"container\">\n\t\t\t\t<div class=\"elementor-element elementor-element-873e026 elementor-position-left elementor-widget__width-inherit elementor-position-top elementor-widget-mobile__width-initial elementor-vertical-align-top elementor-widget elementor-widget-image-box\" data-id=\"873e026\" data-element_type=\"widget\" data-widget_type=\"image-box.default\">\n\t\t\t\t<div class=\"elementor-widget-container\">\n\t\t\t\t\t<div class=\"elementor-image-box-wrapper\"><figure class=\"elementor-image-box-img\"><img loading=\"lazy\" decoding=\"async\" width=\"100\" height=\"100\" src=\"https:\/\/thelaborbridge.com\/wp-content\/uploads\/2025\/03\/inteligencia.png\" class=\"attachment-full size-full wp-image-193\" alt=\"\" \/><\/figure><div class=\"elementor-image-box-content\"><h3 class=\"elementor-image-box-title\">METODOLOGIA NEGOCIACI\u00d3N COLECTIVA<\/h3><p class=\"elementor-image-box-description\">Utiliza una metodolog\u00eda \u00e1gil, simple, con una base emp\u00edrica, que consiste en estructurar, esquematizar, estandarizar y monitorear los procesos de negociaci\u00f3n colectiva de la Empresa.\nPermite mitigar riesgos, contingencias laborales, a trav\u00e9s, de una gesti\u00f3n proactiva y predictiva que contribuye a mejorar la productividad y toma de decisiones.\n\n\n\n<\/p><\/div><\/div>\t\t\t\t<\/div>\n\t\t\t\t<\/div>\n\t\t\t\t<\/div>\n\t\t\t\t\t<\/div>\n\t\t\t\t<\/div>\n\t\t<div class=\"elementor-element elementor-element-7e66ff3 e-flex e-con-boxed e-con e-parent\" data-id=\"7e66ff3\" data-element_type=\"container\">\n\t\t\t\t\t<div class=\"e-con-inner\">\n\t\t\t\t<div class=\"elementor-element elementor-element-588e8f4 elementor-widget elementor-widget-image\" data-id=\"588e8f4\" data-element_type=\"widget\" data-widget_type=\"image.default\">\n\t\t\t\t<div class=\"elementor-widget-container\">\n\t\t\t\t\t\t\t\t\t\t\t\t\t\t\t<img loading=\"lazy\" decoding=\"async\" width=\"768\" height=\"512\" src=\"https:\/\/thelaborbridge.com\/wp-content\/uploads\/2025\/03\/iSGCAS_Modulos_Sindicatos-768x512.jpg\" class=\"attachment-medium_large size-medium_large wp-image-218\" alt=\"\" srcset=\"https:\/\/thelaborbridge.com\/wp-content\/uploads\/2025\/03\/iSGCAS_Modulos_Sindicatos-768x512.jpg 768w, https:\/\/thelaborbridge.com\/wp-content\/uploads\/2025\/03\/iSGCAS_Modulos_Sindicatos-300x200.jpg 300w, https:\/\/thelaborbridge.com\/wp-content\/uploads\/2025\/03\/iSGCAS_Modulos_Sindicatos-1024x683.jpg 1024w, https:\/\/thelaborbridge.com\/wp-content\/uploads\/2025\/03\/iSGCAS_Modulos_Sindicatos-1536x1024.jpg 1536w, https:\/\/thelaborbridge.com\/wp-content\/uploads\/2025\/03\/iSGCAS_Modulos_Sindicatos-2048x1366.jpg 2048w\" sizes=\"(max-width: 768px) 100vw, 768px\" \/>\t\t\t\t\t\t\t\t\t\t\t\t\t\t\t<\/div>\n\t\t\t\t<\/div>\n\t\t\t\t\t<\/div>\n\t\t\t\t<\/div>\n\t\t<div class=\"elementor-element elementor-element-628c4a3c e-flex e-con-boxed e-con e-parent\" data-id=\"628c4a3c\" data-element_type=\"container\">\n\t\t\t\t\t<div class=\"e-con-inner\">\n\t\t<div class=\"elementor-element elementor-element-33fe54ac e-con-full e-flex e-con e-child\" data-id=\"33fe54ac\" data-element_type=\"container\">\n\t\t\t\t<div class=\"elementor-element elementor-element-4be51369 elementor-widget__width-initial elementor-widget elementor-widget-heading\" data-id=\"4be51369\" data-element_type=\"widget\" data-widget_type=\"heading.default\">\n\t\t\t\t<div class=\"elementor-widget-container\">\n\t\t\t\t\t<h2 class=\"elementor-heading-title elementor-size-default\">PLATAFORMA TECNOL\u00d3GICA DE GESTI\u00d3N LABORAL EMPRESAS CONTRATISTAS <\/h2>\t\t\t\t<\/div>\n\t\t\t\t<\/div>\n\t\t\t\t<div class=\"elementor-element elementor-element-7603c3d elementor-widget__width-initial elementor-widget elementor-widget-heading\" data-id=\"7603c3d\" data-element_type=\"widget\" data-widget_type=\"heading.default\">\n\t\t\t\t<div class=\"elementor-widget-container\">\n\t\t\t\t\t<h2 class=\"elementor-heading-title elementor-size-default\">Nuestra plataforma tecnol\u00f3gica permite a las empresas principales controlar en l\u00ednea todo el ciclo de vida de los contratos y trabajadores de empresas contratistas, reduciendo riesgos y garantizando continuidad operacional. \n<br><br>\nPermitiendo gestionar los siguientes puntos: <br>\n1.- <b>Gesti\u00f3n documental integral:<\/b> Desde la movilizaci\u00f3n, operaci\u00f3n  y desmovilizaci\u00f3n de trabajadores.<br>\n2.- <b>Monitoreo 100% de contratistas<\/b> (No por muestreo) con trazabilidad total.<br>\n3.- <b>Revisi\u00f3n especializada:<\/b> An\u00e1lisis de documentos por profesionales expertos en materia laboral y cumplimiento legal.<br>\n4.- <b>Cumplimiento normativo:<\/b> respaldo en Ley de Subcontrataci\u00f3n N\u00b0 20.123.<br>\n5.- <b>Plataforma en la nube<\/b> con acceso seguro, estados de cumplimiento claros.<br>\n6.- <b>Seguimiento y control<\/b> de las Negociaciones Colectivas.\n<\/h2>\t\t\t\t<\/div>\n\t\t\t\t<\/div>\n\t\t\t\t<\/div>\n\t\t\t\t\t<\/div>\n\t\t\t\t<\/div>\n\t\t<div class=\"elementor-element elementor-element-b1b1bc e-flex e-con-boxed e-con e-parent\" data-id=\"b1b1bc\" data-element_type=\"container\" id=\"form\">\n\t\t\t\t\t<div class=\"e-con-inner\">\n\t\t<div class=\"elementor-element elementor-element-702c2065 e-con-full e-flex e-con e-child\" data-id=\"702c2065\" data-element_type=\"container\" data-settings=\"{&quot;background_background&quot;:&quot;classic&quot;}\">\n\t\t\t\t<div class=\"elementor-element elementor-element-17159092 elementor-widget__width-initial elementor-widget elementor-widget-heading\" data-id=\"17159092\" data-element_type=\"widget\" data-widget_type=\"heading.default\">\n\t\t\t\t<div class=\"elementor-widget-container\">\n\t\t\t\t\t<h2 class=\"elementor-heading-title elementor-size-default\">Cont\u00e1ctanos\n<\/h2>\t\t\t\t<\/div>\n\t\t\t\t<\/div>\n\t\t\t\t<div class=\"elementor-element elementor-element-3d6c5036 elementor-widget__width-initial elementor-widget elementor-widget-heading\" data-id=\"3d6c5036\" data-element_type=\"widget\" data-widget_type=\"heading.default\">\n\t\t\t\t<div class=\"elementor-widget-container\">\n\t\t\t\t\t<h2 class=\"elementor-heading-title elementor-size-default\">Llena el formulario para realizar tu consulta<\/h2>\t\t\t\t<\/div>\n\t\t\t\t<\/div>\n\t\t\t\t<div class=\"elementor-element elementor-element-218a8ddc elementor-widget elementor-widget-shortcode\" data-id=\"218a8ddc\" data-element_type=\"widget\" data-widget_type=\"shortcode.default\">\n\t\t\t\t<div class=\"elementor-widget-container\">\n\t\t\t\t\t\t\t<div class=\"elementor-shortcode\">\n<div class=\"wpcf7 no-js\" id=\"wpcf7-f115-o1\" lang=\"es-ES\" dir=\"ltr\" data-wpcf7-id=\"115\">\n<div class=\"screen-reader-response\"><p role=\"status\" aria-live=\"polite\" aria-atomic=\"true\"><\/p> <ul><\/ul><\/div>\n<form action=\"\/index.php?rest_route=%2Fwp%2Fv2%2Fpages%2F188#wpcf7-f115-o1\" method=\"post\" class=\"wpcf7-form init\" aria-label=\"Formulario de contacto\" novalidate=\"novalidate\" data-status=\"init\">\n<div style=\"display: none;\">\n<input type=\"hidden\" name=\"_wpcf7\" value=\"115\" \/>\n<input type=\"hidden\" name=\"_wpcf7_version\" value=\"6.0.4\" \/>\n<input type=\"hidden\" name=\"_wpcf7_locale\" value=\"es_ES\" \/>\n<input type=\"hidden\" name=\"_wpcf7_unit_tag\" value=\"wpcf7-f115-o1\" \/>\n<input type=\"hidden\" name=\"_wpcf7_container_post\" value=\"0\" \/>\n<input type=\"hidden\" name=\"_wpcf7_posted_data_hash\" value=\"\" \/>\n<\/div>\n<p><label> Tu nombre<br \/>\n<span class=\"wpcf7-form-control-wrap\" data-name=\"your-name\"><input size=\"40\" maxlength=\"400\" class=\"wpcf7-form-control wpcf7-text wpcf7-validates-as-required\" autocomplete=\"name\" aria-required=\"true\" aria-invalid=\"false\" value=\"\" type=\"text\" name=\"your-name\" \/><\/span> <\/label>\n<\/p>\n<p><label> Tu correo electr\u00f3nico<br \/>\n<span class=\"wpcf7-form-control-wrap\" data-name=\"your-email\"><input size=\"40\" maxlength=\"400\" class=\"wpcf7-form-control wpcf7-email wpcf7-validates-as-required wpcf7-text wpcf7-validates-as-email\" autocomplete=\"email\" aria-required=\"true\" aria-invalid=\"false\" value=\"\" type=\"email\" name=\"your-email\" \/><\/span> <\/label>\n<\/p>\n<p><label> Tel\u00e9fono<br \/>\n<span class=\"wpcf7-form-control-wrap\" data-name=\"telefono\"><input size=\"40\" maxlength=\"400\" class=\"wpcf7-form-control wpcf7-tel wpcf7-validates-as-required wpcf7-text wpcf7-validates-as-tel\" aria-required=\"true\" aria-invalid=\"false\" value=\"\" type=\"tel\" name=\"telefono\" \/><\/span> <\/label>\n<\/p>\n<p><label> Empresa<br \/>\n<span class=\"wpcf7-form-control-wrap\" data-name=\"textp\"><input size=\"40\" maxlength=\"400\" class=\"wpcf7-form-control wpcf7-text\" aria-invalid=\"false\" value=\"\" type=\"text\" name=\"textp\" \/><\/span> <\/label>\n<\/p>\n<p><label> Asunto<br \/>\n<span class=\"wpcf7-form-control-wrap\" data-name=\"your-subject\"><input size=\"40\" maxlength=\"400\" class=\"wpcf7-form-control wpcf7-text wpcf7-validates-as-required\" aria-required=\"true\" aria-invalid=\"false\" value=\"\" type=\"text\" name=\"your-subject\" \/><\/span> <\/label>\n<\/p>\n<p><input class=\"wpcf7-form-control wpcf7-submit has-spinner\" type=\"submit\" value=\"Enviar\" \/>\n<\/p><div class=\"wpcf7-response-output\" aria-hidden=\"true\"><\/div>\n<\/form>\n<\/div>\n<\/div>\n\t\t\t\t\t\t<\/div>\n\t\t\t\t<\/div>\n\t\t\t\t<\/div>\n\t\t<div class=\"elementor-element elementor-element-2ee58c4b e-con-full e-flex e-con e-child\" data-id=\"2ee58c4b\" data-element_type=\"container\">\n\t\t\t\t<div class=\"elementor-element elementor-element-beaa890 elementor-widget__width-initial elementor-widget elementor-widget-google_maps\" data-id=\"beaa890\" data-element_type=\"widget\" data-widget_type=\"google_maps.default\">\n\t\t\t\t<div class=\"elementor-widget-container\">\n\t\t\t\t\t\t\t<div class=\"elementor-custom-embed\">\n\t\t\t<iframe loading=\"lazy\"\n\t\t\t\t\tsrc=\"https:\/\/maps.google.com\/maps?q=Cerro%20el%20Plomo%205931%2C%20Las%20Condes%2C%20Santiago%2C%20Chile.&#038;t=m&#038;z=10&#038;output=embed&#038;iwloc=near\"\n\t\t\t\t\ttitle=\"Cerro el Plomo 5931, Las Condes, Santiago, Chile.\"\n\t\t\t\t\taria-label=\"Cerro el Plomo 5931, Las Condes, Santiago, Chile.\"\n\t\t\t><\/iframe>\n\t\t<\/div>\n\t\t\t\t\t\t<\/div>\n\t\t\t\t<\/div>\n\t\t\t\t<\/div>\n\t\t\t\t\t<\/div>\n\t\t\t\t<\/div>\n\t\t\t\t<\/div>\n\t\t","protected":false},"excerpt":{"rendered":"<p>nuestras soluciones Tecnol\u00f3gicas En The Labor Bridge Consulting integramos la experiencia en Relaciones Laborales con soluciones tecnol\u00f3gicas de \u00faltima generaci\u00f3n, [&hellip;]<\/p>\n","protected":false},"author":1,"featured_media":0,"parent":0,"menu_order":0,"comment_status":"closed","ping_status":"closed","template":"","meta":{"site-sidebar-layout":"no-sidebar","site-content-layout":"","ast-site-content-layout":"full-width-container","site-content-style":"default","site-sidebar-style":"default","ast-global-header-display":"","ast-banner-title-visibility":"","ast-main-header-display":"","ast-hfb-above-header-display":"","ast-hfb-below-header-display":"","ast-hfb-mobile-header-display":"","site-post-title":"disabled","ast-breadcrumbs-content":"","ast-featured-img":"disabled","footer-sml-layout":"","theme-transparent-header-meta":"","adv-header-id-meta":"","stick-header-meta":"","header-above-stick-meta":"","header-main-stick-meta":"","header-below-stick-meta":"","astra-migrate-meta-layouts":"default","ast-page-background-enabled":"default","ast-page-background-meta":{"desktop":{"background-color":"var(--ast-global-color-5)","background-image":"","background-repeat":"repeat","background-position":"center center","background-size":"auto","background-attachment":"scroll","background-type":"","background-media":"","overlay-type":"","overlay-color":"","overlay-opacity":"","overlay-gradient":""},"tablet":{"background-color":"","background-image":"","background-repeat":"repeat","background-position":"center center","background-size":"auto","background-attachment":"scroll","background-type":"","background-media":"","overlay-type":"","overlay-color":"","overlay-opacity":"","overlay-gradient":""},"mobile":{"background-color":"","background-image":"","background-repeat":"repeat","background-position":"center center","background-size":"auto","background-attachment":"scroll","background-type":"","background-media":"","overlay-type":"","overlay-color":"","overlay-opacity":"","overlay-gradient":""}},"ast-content-background-meta":{"desktop":{"background-color":"var(--ast-global-color-4)","background-image":"","background-repeat":"repeat","background-position":"center center","background-size":"auto","background-attachment":"scroll","background-type":"","background-media":"","overlay-type":"","overlay-color":"","overlay-opacity":"","overlay-gradient":""},"tablet":{"background-color":"var(--ast-global-color-4)","background-image":"","background-repeat":"repeat","background-position":"center center","background-size":"auto","background-attachment":"scroll","background-type":"","background-media":"","overlay-type":"","overlay-color":"","overlay-opacity":"","overlay-gradient":""},"mobile":{"background-color":"var(--ast-global-color-4)","background-image":"","background-repeat":"repeat","background-position":"center center","background-size":"auto","background-attachment":"scroll","background-type":"","background-media":"","overlay-type":"","overlay-color":"","overlay-opacity":"","overlay-gradient":""}},"_joinchat":[],"footnotes":""},"class_list":["post-188","page","type-page","status-publish","hentry"],"_links":{"self":[{"href":"https:\/\/thelaborbridge.com\/index.php?rest_route=\/wp\/v2\/pages\/188","targetHints":{"allow":["GET"]}}],"collection":[{"href":"https:\/\/thelaborbridge.com\/index.php?rest_route=\/wp\/v2\/pages"}],"about":[{"href":"https:\/\/thelaborbridge.com\/index.php?rest_route=\/wp\/v2\/types\/page"}],"author":[{"embeddable":true,"href":"https:\/\/thelaborbridge.com\/index.php?rest_route=\/wp\/v2\/users\/1"}],"replies":[{"embeddable":true,"href":"https:\/\/thelaborbridge.com\/index.php?rest_route=%2Fwp%2Fv2%2Fcomments&post=188"}],"version-history":[{"count":66,"href":"https:\/\/thelaborbridge.com\/index.php?rest_route=\/wp\/v2\/pages\/188\/revisions"}],"predecessor-version":[{"id":521,"href":"https:\/\/thelaborbridge.com\/index.php?rest_route=\/wp\/v2\/pages\/188\/revisions\/521"}],"wp:attachment":[{"href":"https:\/\/thelaborbridge.com\/index.php?rest_route=%2Fwp%2Fv2%2Fmedia&parent=188"}],"curies":[{"name":"wp","href":"https:\/\/api.w.org\/{rel}","templated":true}]}}