{"id":78,"date":"2025-02-24T13:50:48","date_gmt":"2025-02-24T13:50:48","guid":{"rendered":"https:\/\/thelaborbridge.com\/?page_id=78"},"modified":"2025-08-31T02:33:08","modified_gmt":"2025-08-31T02:33:08","slug":"servicio-de-consultoria","status":"publish","type":"page","link":"https:\/\/thelaborbridge.com\/?page_id=78","title":{"rendered":"Servicios de Consultor\u00eda"},"content":{"rendered":"\t\t<div data-elementor-type=\"wp-page\" data-elementor-id=\"78\" class=\"elementor elementor-78\">\n\t\t\t\t<div class=\"elementor-element elementor-element-87d6d1c e-flex e-con-boxed e-con e-parent\" data-id=\"87d6d1c\" data-element_type=\"container\">\n\t\t\t\t\t<div class=\"e-con-inner\">\n\t\t\t\t<div class=\"elementor-element elementor-element-6467f2d elementor-widget__width-initial elementor-widget elementor-widget-heading\" data-id=\"6467f2d\" data-element_type=\"widget\" data-widget_type=\"heading.default\">\n\t\t\t\t<div class=\"elementor-widget-container\">\n\t\t\t\t\t<h2 class=\"elementor-heading-title elementor-size-default\">Nuestros servicios de consultor\u00eda<\/h2>\t\t\t\t<\/div>\n\t\t\t\t<\/div>\n\t\t<div class=\"elementor-element elementor-element-e3d6b80 e-con-full e-flex e-con e-child\" data-id=\"e3d6b80\" data-element_type=\"container\">\n\t\t\t\t<div class=\"elementor-element elementor-element-f71e84e elementor-widget__width-initial elementor-widget-mobile__width-initial elementor-vertical-align-top elementor-widget elementor-widget-image-box\" data-id=\"f71e84e\" data-element_type=\"widget\" data-widget_type=\"image-box.default\">\n\t\t\t\t<div class=\"elementor-widget-container\">\n\t\t\t\t\t<div class=\"elementor-image-box-wrapper\"><div class=\"elementor-image-box-content\"><h3 class=\"elementor-image-box-title\">Modelo y Estrategia de Relaciones Laborales<\/h3><p class=\"elementor-image-box-description\">Dise\u00f1amos estrategias integrales de Relaciones     Laborales Sindicales, adaptadas a la realidad y desaf\u00edos de cada organizaci\u00f3n. \n<br><br>\nNuestro acompa\u00f1amiento permite anticipar escenarios, fortalecer v\u00ednculos con los representantes sindicales, trabajadores, y supervisores, gestionar riesgos, asegurando Relaciones Laborales sostenibles y alineadas a los objetivos del negocio y apuntando a la creaci\u00f3n de valor.\n<\/p><\/div><\/div>\t\t\t\t<\/div>\n\t\t\t\t<\/div>\n\t\t\t\t<div class=\"elementor-element elementor-element-658f03c elementor-widget__width-initial elementor-widget-mobile__width-initial elementor-vertical-align-top elementor-widget elementor-widget-image-box\" data-id=\"658f03c\" data-element_type=\"widget\" data-widget_type=\"image-box.default\">\n\t\t\t\t<div class=\"elementor-widget-container\">\n\t\t\t\t\t<div class=\"elementor-image-box-wrapper\"><div class=\"elementor-image-box-content\"><h3 class=\"elementor-image-box-title\">Agendas Laborales con Enfoque a Crear Valor<\/h3><p class=\"elementor-image-box-description\">Acompa\u00f1amos a los equipos de Relaciones Laborales en el dise\u00f1o y entrenamiento para construir agendas de trabajo colaborativas, alineadas con la operaci\u00f3n y con una visi\u00f3n de corto, mediano y largo plazo. \n<br><br>\nBuscamos generar valor tanto para la Empresa como para los sindicatos, promoviendo relaciones de cooperaci\u00f3n bajo un enfoque \u201cganar-ganar\u201d y preparando un terreno favorable para futuras negociaciones colectivas. \n<br><br>\nDar seguimiento y trazabilidad a los compromisos de ambas partes a trav\u00e9s de una plataforma tecnol\u00f3gica.\n\n<\/p><\/div><\/div>\t\t\t\t<\/div>\n\t\t\t\t<\/div>\n\t\t\t\t<\/div>\n\t\t<div class=\"elementor-element elementor-element-fd6b3cd e-con-full e-flex e-con e-child\" data-id=\"fd6b3cd\" data-element_type=\"container\">\n\t\t\t\t<div class=\"elementor-element elementor-element-0bde1a0 elementor-widget__width-initial elementor-widget-mobile__width-initial elementor-vertical-align-top elementor-widget elementor-widget-image-box\" data-id=\"0bde1a0\" data-element_type=\"widget\" data-widget_type=\"image-box.default\">\n\t\t\t\t<div class=\"elementor-widget-container\">\n\t\t\t\t\t<div class=\"elementor-image-box-wrapper\"><div class=\"elementor-image-box-content\"><h3 class=\"elementor-image-box-title\">Asesor\u00eda y Modelo de Negociaci\u00f3n Colectiva<\/h3><p class=\"elementor-image-box-description\">Asesoramos en el proceso de negociaci\u00f3n colectiva, utilizando un modelo previo de planificaci\u00f3n estrat\u00e9gica que asegura eficiencia en cada etapa. \n<br><br>\nNuestro enfoque se centra en anticipar escenarios, optimizar recursos y apoyar en el desarrollo del contrato meta, alineado a los objetivos organizacionales y de sostenibilidad laboral \u2013 sindical.\n<\/p><\/div><\/div>\t\t\t\t<\/div>\n\t\t\t\t<\/div>\n\t\t\t\t<div class=\"elementor-element elementor-element-d047ea4 elementor-widget__width-initial elementor-widget-mobile__width-initial elementor-vertical-align-top elementor-widget elementor-widget-image-box\" data-id=\"d047ea4\" data-element_type=\"widget\" data-widget_type=\"image-box.default\">\n\t\t\t\t<div class=\"elementor-widget-container\">\n\t\t\t\t\t<div class=\"elementor-image-box-wrapper\"><div class=\"elementor-image-box-content\"><h3 class=\"elementor-image-box-title\">Gesti\u00f3n Laboral Empresas Contratistas<\/h3><p class=\"elementor-image-box-description\">Disponemos de un modelo integral con una plataforma tecnol\u00f3gica que permite gestionar de forma efectiva el ciclo completo de vida de los contratos con empresas contratistas, asegurando el cumplimiento de las obligaciones laborales. \n<br><br>\nIncorporamos un sistema de monitoreo permanente de sindicatos y negociaciones colectivas, junto con alertas tempranas para anticipar contingencias laborales, fortalecer la continuidad operativa y mitigar riesgos asociados al pago de subrogaci\u00f3n conforme a la normativa vigente.\n\n<\/p><\/div><\/div>\t\t\t\t<\/div>\n\t\t\t\t<\/div>\n\t\t\t\t<\/div>\n\t\t<div class=\"elementor-element elementor-element-108a1d9 e-con-full e-flex e-con e-child\" data-id=\"108a1d9\" data-element_type=\"container\">\n\t\t\t\t<div class=\"elementor-element elementor-element-14f68da elementor-widget__width-initial elementor-widget-mobile__width-initial elementor-vertical-align-top elementor-widget elementor-widget-image-box\" data-id=\"14f68da\" data-element_type=\"widget\" data-widget_type=\"image-box.default\">\n\t\t\t\t<div class=\"elementor-widget-container\">\n\t\t\t\t\t<div class=\"elementor-image-box-wrapper\"><div class=\"elementor-image-box-content\"><h3 class=\"elementor-image-box-title\">Modelo CRITIC-AI\u2122 | Formaci\u00f3n Ejecutiva para Decidir con Pensamiento Cr\u00edtico<\/h3><p class=\"elementor-image-box-description\">El M\u00e9todo <b>CRITIC-AI\u2122<\/b> es una metodolog\u00eda \u00fanica, dise\u00f1ada para que ejecutivos y equipos de alto nivel desarrollen las capacidad de: <br>\n\u2022 Ejercitar el pensamiento cr\u00edtico y anal\u00edtico como habilidad clave para resoluci\u00f3n de problemas (causa ra\u00edz). <br>\n\u2022 Formular las preguntas correctas (Prompts) a la inteligencia artificial, transform\u00e1ndola en un copiloto estrat\u00e9gico. <br>\n\u2022 Alfabetizaci\u00f3n digital, convertir datos en decisiones, utilizando la IA para analizar, proyectar y simular posibles escenarios.\n<br><br>\nA trav\u00e9s de conferencias y talleres pr\u00e1cticos, los participantes vivir\u00e1n una experiencia que combina: <br>\n\u2022 Aprendizaje aplicado con casos reales. <br>\n\u2022 Din\u00e1micas colaborativas para entrenar el cuestionamiento estrat\u00e9gico. <br>\n\u2022 Uso guiado de agentes de IA que amplifican la capacidad de an\u00e1lisis y predicci\u00f3n. \n<br><br>\nEl resultado: l\u00edderes y equipos que no solo deciden mejor, sino que tambi\u00e9n transforman la cultura organizacional hacia una gesti\u00f3n m\u00e1s \u00e1gil, \u00e9tica y basada en evidencia.\n<br><br>\n<b>CRITIC-AI\u2122<\/b> no es solo una metodolog\u00eda. Es un cambio de mentalidad para el futuro. El Pensamiento Cr\u00edtico no es solo una habilidad; es el \"modelo mental\" para tomar decisiones inteligentes con tecnolog\u00eda.\n<\/p><\/div><\/div>\t\t\t\t<\/div>\n\t\t\t\t<\/div>\n\t\t\t\t<div class=\"elementor-element elementor-element-466bb3b elementor-widget__width-initial elementor-widget-mobile__width-initial elementor-vertical-align-top elementor-widget elementor-widget-image-box\" data-id=\"466bb3b\" data-element_type=\"widget\" data-widget_type=\"image-box.default\">\n\t\t\t\t<div class=\"elementor-widget-container\">\n\t\t\t\t\t<div class=\"elementor-image-box-wrapper\"><div class=\"elementor-image-box-content\"><h3 class=\"elementor-image-box-title\">Modelo CRITIC-AI\u2122 | Plataforma Agente de Inteligencia Artificial<\/h3><p class=\"elementor-image-box-description\">El Modelo <b>CRITIC-AI\u2122<\/b> combina lo mejor del Pensamiento Cr\u00edtico, el Pensamiento Estrat\u00e9gico, An\u00e1lisis de Data y Alfabetizaci\u00f3n Digital, integrados en una plataforma tecnol\u00f3gica de \u00faltima generaci\u00f3n, impulsada por un agente de Inteligencia Artificial que funciona como un copiloto en la gesti\u00f3n de Negocio.\n<br><br>\nCon esta metodolog\u00eda, tu organizaci\u00f3n podr\u00e1: <br>\n\u2022 Analizar grandes vol\u00famenes de informaci\u00f3n y transformarlos en insights claros y accionables. <br>\n\u2022 Predecir posibles escenarios antes de que ocurran, reduciendo incertidumbre y riesgos. <br>\n\u2022 Elevar la calidad de las decisiones, asegurando un proceso objetivo, fundamentado y s\u00f3lido.\n<br>\n\u2022 Integrar la inteligencia artificial en la pr\u00e1ctica diaria, sin reemplazar el criterio humano, sino potenci\u00e1ndolo a trav\u00e9s de la Innovaci\u00f3n.\n<br><br>\n<b>CRITIC-AI\u2122<\/b> no decide por ti. Te da el poder de decidir mejor.\n<br><br>\nUn sistema con una metodolog\u00eda dise\u00f1ado para acompa\u00f1ar a l\u00edderes, ejecutivos y equipos de alto rendimiento en los momentos donde m\u00e1s importa.<\/p><\/div><\/div>\t\t\t\t<\/div>\n\t\t\t\t<\/div>\n\t\t\t\t<\/div>\n\t\t\t\t\t<\/div>\n\t\t\t\t<\/div>\n\t\t<div class=\"elementor-element elementor-element-70e4772 e-flex e-con-boxed e-con e-parent\" data-id=\"70e4772\" data-element_type=\"container\">\n\t\t\t\t\t<div class=\"e-con-inner\">\n\t\t\t\t<div class=\"elementor-element elementor-element-bcdde2d elementor-widget__width-initial elementor-widget elementor-widget-heading\" data-id=\"bcdde2d\" data-element_type=\"widget\" data-widget_type=\"heading.default\">\n\t\t\t\t<div class=\"elementor-widget-container\">\n\t\t\t\t\t<h2 class=\"elementor-heading-title elementor-size-default\">Nuestros modelos de gesti\u00f3n laboral SINDICAL<\/h2>\t\t\t\t<\/div>\n\t\t\t\t<\/div>\n\t\t\t\t<div class=\"elementor-element elementor-element-2f6901c elementor-widget__width-initial elementor-widget elementor-widget-heading\" data-id=\"2f6901c\" data-element_type=\"widget\" data-widget_type=\"heading.default\">\n\t\t\t\t<div class=\"elementor-widget-container\">\n\t\t\t\t\t<h2 class=\"elementor-heading-title elementor-size-default\"><b>The Labor Bridge Consulting<\/b> trabaja con modelos que apoyan a la <b>Gesti\u00f3n de Relaciones Laborales,<\/b> tanto <b>propios<\/b> como de <b>Empresas contratistas,<\/b> que han sido probados con \u00e9xito en diversas organizaciones. Nuestro enfoque est\u00e1 orientado a generar valor sostenible dentro de la estrategia corporativa de las Relaciones Laborales.<\/h2>\t\t\t\t<\/div>\n\t\t\t\t<\/div>\n\t\t\t\t<div class=\"elementor-element elementor-element-11c0370 elementor-widget elementor-widget-image\" data-id=\"11c0370\" data-element_type=\"widget\" data-widget_type=\"image.default\">\n\t\t\t\t<div class=\"elementor-widget-container\">\n\t\t\t\t\t\t\t\t\t\t\t\t\t\t\t<img fetchpriority=\"high\" decoding=\"async\" width=\"1768\" height=\"888\" src=\"https:\/\/thelaborbridge.com\/wp-content\/uploads\/2025\/02\/modelo-de-gestion-labor.png\" class=\"attachment-full size-full wp-image-32\" alt=\"\" srcset=\"https:\/\/thelaborbridge.com\/wp-content\/uploads\/2025\/02\/modelo-de-gestion-labor.png 1768w, https:\/\/thelaborbridge.com\/wp-content\/uploads\/2025\/02\/modelo-de-gestion-labor-300x151.png 300w, https:\/\/thelaborbridge.com\/wp-content\/uploads\/2025\/02\/modelo-de-gestion-labor-1024x514.png 1024w, https:\/\/thelaborbridge.com\/wp-content\/uploads\/2025\/02\/modelo-de-gestion-labor-768x386.png 768w, https:\/\/thelaborbridge.com\/wp-content\/uploads\/2025\/02\/modelo-de-gestion-labor-1536x771.png 1536w\" sizes=\"(max-width: 1768px) 100vw, 1768px\" \/>\t\t\t\t\t\t\t\t\t\t\t\t\t\t\t<\/div>\n\t\t\t\t<\/div>\n\t\t\t\t\t<\/div>\n\t\t\t\t<\/div>\n\t\t<div class=\"elementor-element elementor-element-daaac1c e-flex e-con-boxed e-con e-parent\" data-id=\"daaac1c\" data-element_type=\"container\" id=\"form\">\n\t\t\t\t\t<div class=\"e-con-inner\">\n\t\t<div class=\"elementor-element elementor-element-8b52d97 e-con-full e-flex e-con e-child\" data-id=\"8b52d97\" data-element_type=\"container\" data-settings=\"{&quot;background_background&quot;:&quot;classic&quot;}\">\n\t\t\t\t<div class=\"elementor-element elementor-element-c22b2b2 elementor-widget__width-initial elementor-widget elementor-widget-heading\" data-id=\"c22b2b2\" data-element_type=\"widget\" data-widget_type=\"heading.default\">\n\t\t\t\t<div class=\"elementor-widget-container\">\n\t\t\t\t\t<h2 class=\"elementor-heading-title elementor-size-default\">Cont\u00e1ctanos\n<\/h2>\t\t\t\t<\/div>\n\t\t\t\t<\/div>\n\t\t\t\t<div class=\"elementor-element elementor-element-9cf0fba elementor-widget__width-initial elementor-widget elementor-widget-heading\" data-id=\"9cf0fba\" data-element_type=\"widget\" data-widget_type=\"heading.default\">\n\t\t\t\t<div class=\"elementor-widget-container\">\n\t\t\t\t\t<h2 class=\"elementor-heading-title elementor-size-default\">Llena el formulario para realizar tu consulta<\/h2>\t\t\t\t<\/div>\n\t\t\t\t<\/div>\n\t\t\t\t<div class=\"elementor-element elementor-element-d560671 elementor-widget elementor-widget-shortcode\" data-id=\"d560671\" data-element_type=\"widget\" data-widget_type=\"shortcode.default\">\n\t\t\t\t<div class=\"elementor-widget-container\">\n\t\t\t\t\t\t\t<div class=\"elementor-shortcode\">\n<div class=\"wpcf7 no-js\" id=\"wpcf7-f115-o1\" lang=\"es-ES\" dir=\"ltr\" data-wpcf7-id=\"115\">\n<div class=\"screen-reader-response\"><p role=\"status\" aria-live=\"polite\" aria-atomic=\"true\"><\/p> <ul><\/ul><\/div>\n<form action=\"\/index.php?rest_route=%2Fwp%2Fv2%2Fpages%2F78#wpcf7-f115-o1\" method=\"post\" class=\"wpcf7-form init\" aria-label=\"Formulario de contacto\" novalidate=\"novalidate\" data-status=\"init\">\n<div style=\"display: none;\">\n<input type=\"hidden\" name=\"_wpcf7\" value=\"115\" \/>\n<input type=\"hidden\" name=\"_wpcf7_version\" value=\"6.0.4\" \/>\n<input type=\"hidden\" name=\"_wpcf7_locale\" value=\"es_ES\" \/>\n<input type=\"hidden\" name=\"_wpcf7_unit_tag\" value=\"wpcf7-f115-o1\" \/>\n<input type=\"hidden\" name=\"_wpcf7_container_post\" value=\"0\" \/>\n<input type=\"hidden\" name=\"_wpcf7_posted_data_hash\" value=\"\" \/>\n<\/div>\n<p><label> Tu nombre<br \/>\n<span class=\"wpcf7-form-control-wrap\" data-name=\"your-name\"><input size=\"40\" maxlength=\"400\" class=\"wpcf7-form-control wpcf7-text wpcf7-validates-as-required\" autocomplete=\"name\" aria-required=\"true\" aria-invalid=\"false\" value=\"\" type=\"text\" name=\"your-name\" \/><\/span> <\/label>\n<\/p>\n<p><label> Tu correo electr\u00f3nico<br \/>\n<span class=\"wpcf7-form-control-wrap\" data-name=\"your-email\"><input size=\"40\" maxlength=\"400\" class=\"wpcf7-form-control wpcf7-email wpcf7-validates-as-required wpcf7-text wpcf7-validates-as-email\" autocomplete=\"email\" aria-required=\"true\" aria-invalid=\"false\" value=\"\" type=\"email\" name=\"your-email\" \/><\/span> <\/label>\n<\/p>\n<p><label> Tel\u00e9fono<br \/>\n<span class=\"wpcf7-form-control-wrap\" data-name=\"telefono\"><input size=\"40\" maxlength=\"400\" class=\"wpcf7-form-control wpcf7-tel wpcf7-validates-as-required wpcf7-text wpcf7-validates-as-tel\" aria-required=\"true\" aria-invalid=\"false\" value=\"\" type=\"tel\" name=\"telefono\" \/><\/span> <\/label>\n<\/p>\n<p><label> Empresa<br \/>\n<span class=\"wpcf7-form-control-wrap\" data-name=\"textp\"><input size=\"40\" maxlength=\"400\" class=\"wpcf7-form-control wpcf7-text\" aria-invalid=\"false\" value=\"\" type=\"text\" name=\"textp\" \/><\/span> <\/label>\n<\/p>\n<p><label> Asunto<br \/>\n<span class=\"wpcf7-form-control-wrap\" data-name=\"your-subject\"><input size=\"40\" maxlength=\"400\" class=\"wpcf7-form-control wpcf7-text wpcf7-validates-as-required\" aria-required=\"true\" aria-invalid=\"false\" value=\"\" type=\"text\" name=\"your-subject\" \/><\/span> <\/label>\n<\/p>\n<p><input class=\"wpcf7-form-control wpcf7-submit has-spinner\" type=\"submit\" value=\"Enviar\" \/>\n<\/p><div class=\"wpcf7-response-output\" aria-hidden=\"true\"><\/div>\n<\/form>\n<\/div>\n<\/div>\n\t\t\t\t\t\t<\/div>\n\t\t\t\t<\/div>\n\t\t\t\t<\/div>\n\t\t<div class=\"elementor-element elementor-element-e794915 e-con-full e-flex e-con e-child\" data-id=\"e794915\" data-element_type=\"container\">\n\t\t\t\t<div class=\"elementor-element elementor-element-58ce0ed elementor-widget__width-initial elementor-widget elementor-widget-google_maps\" data-id=\"58ce0ed\" data-element_type=\"widget\" data-widget_type=\"google_maps.default\">\n\t\t\t\t<div class=\"elementor-widget-container\">\n\t\t\t\t\t\t\t<div class=\"elementor-custom-embed\">\n\t\t\t<iframe loading=\"lazy\"\n\t\t\t\t\tsrc=\"https:\/\/maps.google.com\/maps?q=Cerro%20el%20Plomo%205931%2C%20Las%20Condes%2C%20Santiago%2C%20Chile.&#038;t=m&#038;z=10&#038;output=embed&#038;iwloc=near\"\n\t\t\t\t\ttitle=\"Cerro el Plomo 5931, Las Condes, Santiago, Chile.\"\n\t\t\t\t\taria-label=\"Cerro el Plomo 5931, Las Condes, Santiago, Chile.\"\n\t\t\t><\/iframe>\n\t\t<\/div>\n\t\t\t\t\t\t<\/div>\n\t\t\t\t<\/div>\n\t\t\t\t<\/div>\n\t\t\t\t\t<\/div>\n\t\t\t\t<\/div>\n\t\t\t\t<\/div>\n\t\t","protected":false},"excerpt":{"rendered":"<p>Nuestros servicios de consultor\u00eda Modelo y Estrategia de Relaciones Laborales Dise\u00f1amos estrategias integrales de Relaciones Laborales Sindicales, adaptadas a la [&hellip;]<\/p>\n","protected":false},"author":1,"featured_media":0,"parent":0,"menu_order":0,"comment_status":"closed","ping_status":"closed","template":"","meta":{"site-sidebar-layout":"no-sidebar","site-content-layout":"","ast-site-content-layout":"full-width-container","site-content-style":"default","site-sidebar-style":"default","ast-global-header-display":"","ast-banner-title-visibility":"","ast-main-header-display":"","ast-hfb-above-header-display":"","ast-hfb-below-header-display":"","ast-hfb-mobile-header-display":"","site-post-title":"disabled","ast-breadcrumbs-content":"","ast-featured-img":"disabled","footer-sml-layout":"","theme-transparent-header-meta":"","adv-header-id-meta":"","stick-header-meta":"","header-above-stick-meta":"","header-main-stick-meta":"","header-below-stick-meta":"","astra-migrate-meta-layouts":"default","ast-page-background-enabled":"default","ast-page-background-meta":{"desktop":{"background-color":"var(--ast-global-color-5)","background-image":"","background-repeat":"repeat","background-position":"center center","background-size":"auto","background-attachment":"scroll","background-type":"","background-media":"","overlay-type":"","overlay-color":"","overlay-opacity":"","overlay-gradient":""},"tablet":{"background-color":"","background-image":"","background-repeat":"repeat","background-position":"center center","background-size":"auto","background-attachment":"scroll","background-type":"","background-media":"","overlay-type":"","overlay-color":"","overlay-opacity":"","overlay-gradient":""},"mobile":{"background-color":"","background-image":"","background-repeat":"repeat","background-position":"center center","background-size":"auto","background-attachment":"scroll","background-type":"","background-media":"","overlay-type":"","overlay-color":"","overlay-opacity":"","overlay-gradient":""}},"ast-content-background-meta":{"desktop":{"background-color":"var(--ast-global-color-4)","background-image":"","background-repeat":"repeat","background-position":"center center","background-size":"auto","background-attachment":"scroll","background-type":"","background-media":"","overlay-type":"","overlay-color":"","overlay-opacity":"","overlay-gradient":""},"tablet":{"background-color":"var(--ast-global-color-4)","background-image":"","background-repeat":"repeat","background-position":"center center","background-size":"auto","background-attachment":"scroll","background-type":"","background-media":"","overlay-type":"","overlay-color":"","overlay-opacity":"","overlay-gradient":""},"mobile":{"background-color":"var(--ast-global-color-4)","background-image":"","background-repeat":"repeat","background-position":"center center","background-size":"auto","background-attachment":"scroll","background-type":"","background-media":"","overlay-type":"","overlay-color":"","overlay-opacity":"","overlay-gradient":""}},"_joinchat":[],"footnotes":""},"class_list":["post-78","page","type-page","status-publish","hentry"],"_links":{"self":[{"href":"https:\/\/thelaborbridge.com\/index.php?rest_route=\/wp\/v2\/pages\/78","targetHints":{"allow":["GET"]}}],"collection":[{"href":"https:\/\/thelaborbridge.com\/index.php?rest_route=\/wp\/v2\/pages"}],"about":[{"href":"https:\/\/thelaborbridge.com\/index.php?rest_route=\/wp\/v2\/types\/page"}],"author":[{"embeddable":true,"href":"https:\/\/thelaborbridge.com\/index.php?rest_route=\/wp\/v2\/users\/1"}],"replies":[{"embeddable":true,"href":"https:\/\/thelaborbridge.com\/index.php?rest_route=%2Fwp%2Fv2%2Fcomments&post=78"}],"version-history":[{"count":67,"href":"https:\/\/thelaborbridge.com\/index.php?rest_route=\/wp\/v2\/pages\/78\/revisions"}],"predecessor-version":[{"id":500,"href":"https:\/\/thelaborbridge.com\/index.php?rest_route=\/wp\/v2\/pages\/78\/revisions\/500"}],"wp:attachment":[{"href":"https:\/\/thelaborbridge.com\/index.php?rest_route=%2Fwp%2Fv2%2Fmedia&parent=78"}],"curies":[{"name":"wp","href":"https:\/\/api.w.org\/{rel}","templated":true}]}}